{"id":8,"date":"2015-04-13T09:40:07","date_gmt":"2015-04-13T09:40:07","guid":{"rendered":"http:\/\/www.life-orchis.eu\/?page_id=8"},"modified":"2015-08-21T07:12:16","modified_gmt":"2015-08-21T07:12:16","slug":"projekt","status":"publish","type":"page","link":"https:\/\/life-orchis.lu\/fr\/projekt\/","title":{"rendered":"LIFE ORCHIS"},"content":{"rendered":"<p><\/p>\n<h2>LIFE ORCHIS<br \/>\nRestauration de pelouses calcaires dans l&rsquo;est du Luxembourg<\/h2>\n<p>Le projet LIFE Orchis vise \u00e0 conserver les pelouses calcicoles (FFH 6210) et les formations \u00e0 geni\u00e8vre existantes (FFH 5130) et d\u2019en restaurer sur des sites historiquement connus ou potentiels dans le sudest de Luxembourg.<\/p>\n<p>L&rsquo;inventaire national des habitats (2014) a r\u00e9v\u00e9l\u00e9 que la majorit\u00e9 des sites de pelouses calcicoles existantes se trouvent dans un \u00e9tat de conservation moyen. S\u2019y ajoutent de nombreux sites qui de par leur stade avanc\u00e9 d\u2019embroussaillement ne peuvent plus \u00eatre consid\u00e9r\u00e9es comme pelouses calcicoles.<\/p>\n<p>Parmi les pelouses calcicoles (<em>Mesobrometum<\/em>), les formations d\u2019orchid\u00e9es remarquables, class\u00e9s prioritaires par la directive habitats, pr\u00e9sents surtout dans les pelouses fauch\u00e9es ou pelouses- ourlets. Les diff\u00e9rentes orchid\u00e9es, notamment des genres <em>Ophrys<\/em> et <em>Orchis<\/em> fortement menac\u00e9es au Luxembourg sont, de m\u00eame que le m\u00e9lampyre (<em>Melampyrum arvense<\/em>, esp\u00e8ce prioritaire au Luxembourg) directement tributaires d&rsquo;un bon \u00e9tat de conservation des prairies calcicoles.<\/p>\n<p>Un autre point focal sont les pelouses calcicoles (<em>Gentiano-Koelerietum<\/em>) qui se sont d\u00e9velopp\u00e9es \u00e0 travers le p\u00e2turage extensif. Ils sont caract\u00e9ris\u00e9s par la pr\u00e9sence de gentianes (<em>Gentiana germanica<\/em> et <em>G. ciliata<\/em>) et souvent aussi celle du gen\u00e9vrier commun (<em>Juniperus communis<\/em>).<\/p>\n<p>L&rsquo;importance des prairies calcaires pour la conservation de la biodiversit\u00e9 est encore mis en \u00e9vidence par les nombreux types d&rsquo;habitats auxquelles ils sont \u00e9troitement li\u00e9s.<\/p>\n<p>Les mesures envisag\u00e9es visent \u00e0 am\u00e9liorer l&rsquo;\u00e9tat de conservation des pelouses, \u00e0 les agrandir en surface, \u00e0 connecter les sites entre eux et \u00e0 les prot\u00e9ger \u00e0 long terme par une gestion durable et par l\u2019acquisition des terrains par le porteur de projet. natur&amp;\u00ebmwelt Fondation &#8211; H\u00ebllef fir d\u2019Natur (HfN) dispose d\u2019une longue exp\u00e9rience de conservation de la nature par l\u2019acquisition et la gestion de terrains.<\/p>\n<p>L\u2019\u00e9change entre la Fondation HfN et autres acteurs, qui travaillent sur la pr\u00e9servation et la restauration des pelouses calcicoles dans la grande r\u00e9gion seront intensifi\u00e9s dans le cadre du projet.<\/p>\n<p>Le projet permet d\u2019am\u00e9liorer de fa\u00e7on significative l\u2019\u00e9tat des pelouses calcicoles de Luxembourg et d\u2019en restaurer un nombre important. Une attention particuli\u00e8re sera attribu\u00e9e \u00e0 l\u2019habitat prioritaire des pelouses calcicoles riches en orchid\u00e9es. Ainsi seront mis en oeuvre des objectifs de conservation de la nature nationaux et europ\u00e9ennes.<\/p>\n<p>&nbsp;<\/p>\n<h2>Dur\u00e9e du projet et cadre financier<\/h2>\n<p>La vie ORCHIS-Projet a d\u00e9marr\u00e9 le 1<sup>er<\/sup> Septembre 2014 et prendra fin en Ao\u00fbt 2019.<\/p>\n<div style=\"margin-left: auto; margin-right: auto;\">\n<table class=\"lifetable\">\n<tbody>\n<tr>\n<th>Budget<\/th>\n<th class=\"right\">2.305.400 \u20ac<\/th>\n<\/tr>\n<tr>\n<td>contribution de l&rsquo;UE (50%)<\/td>\n<td class=\"right\">1.152.700 \u20ac<\/td>\n<\/tr>\n<tr>\n<td>contribution nationale MDDI-ENV<\/td>\n<td class=\"right\">1.108.436 \u20ac<\/td>\n<\/tr>\n<tr>\n<td>contribution n&amp;e\u0308 \u2013 HfN<\/td>\n<td class=\"right\">44.264 \u20ac<\/td>\n<\/tr>\n<\/tbody>\n<\/table>\n<\/div>\n<p><\/p>","protected":false},"excerpt":{"rendered":"<\/p>\n<p>LIFE ORCHIS<br \/>\nRestauration de pelouses calcaires dans l&rsquo;est du Luxembourg<\/p>\n<p>Le projet LIFE Orchis vise \u00e0 conserver les pelouses calcicoles (FFH 6210) et les formations \u00e0 geni\u00e8vre existantes (FFH 5130) et d\u2019en restaurer sur des sites historiquement connus ou potentiels dans le sudest de Luxembourg.<\/p>\n<p>L&rsquo;inventaire national des habitats (2014) a r\u00e9v\u00e9l\u00e9 que la majorit\u00e9 des sites de pelouses calcicoles existantes se trouvent dans un \u00e9tat de conservation moyen. S\u2019y ajoutent de nombreux sites qui de par leur stade avanc\u00e9 d\u2019embroussaillement ne peuvent plus \u00eatre consid\u00e9r\u00e9es comme pelouses calcicoles. <a class=\"read-more\" href=\"https:\/\/life-orchis.lu\/fr\/projekt\/\">\u25ba<\/a><\/p>\n","protected":false},"author":1,"featured_media":88,"parent":0,"menu_order":2,"comment_status":"closed","ping_status":"open","template":"","meta":{"footnotes":""},"class_list":["post-8","page","type-page","status-publish","has-post-thumbnail","hentry"],"_links":{"self":[{"href":"https:\/\/life-orchis.lu\/fr\/wp-json\/wp\/v2\/pages\/8","targetHints":{"allow":["GET"]}}],"collection":[{"href":"https:\/\/life-orchis.lu\/fr\/wp-json\/wp\/v2\/pages"}],"about":[{"href":"https:\/\/life-orchis.lu\/fr\/wp-json\/wp\/v2\/types\/page"}],"author":[{"embeddable":true,"href":"https:\/\/life-orchis.lu\/fr\/wp-json\/wp\/v2\/users\/1"}],"replies":[{"embeddable":true,"href":"https:\/\/life-orchis.lu\/fr\/wp-json\/wp\/v2\/comments?post=8"}],"version-history":[{"count":33,"href":"https:\/\/life-orchis.lu\/fr\/wp-json\/wp\/v2\/pages\/8\/revisions"}],"predecessor-version":[{"id":322,"href":"https:\/\/life-orchis.lu\/fr\/wp-json\/wp\/v2\/pages\/8\/revisions\/322"}],"wp:featuredmedia":[{"embeddable":true,"href":"https:\/\/life-orchis.lu\/fr\/wp-json\/wp\/v2\/media\/88"}],"wp:attachment":[{"href":"https:\/\/life-orchis.lu\/fr\/wp-json\/wp\/v2\/media?parent=8"}],"curies":[{"name":"wp","href":"https:\/\/api.w.org\/{rel}","templated":true}]}}