{"id":476,"date":"2016-09-19T10:16:09","date_gmt":"2016-09-19T10:16:09","guid":{"rendered":"http:\/\/life-orchis.eu\/?page_id=476"},"modified":"2016-10-18T13:24:54","modified_gmt":"2016-10-18T13:24:54","slug":"vallee-de-la-sure-inferieure","status":"publish","type":"page","link":"https:\/\/life-orchis.lu\/fr\/projektgebiete\/vallee-de-la-sure-inferieure\/","title":{"rendered":"Vall\u00e9e de la S\u00fbre inf\u00e9rieure"},"content":{"rendered":"<p><figure id=\"attachment_448\" aria-describedby=\"caption-attachment-448\" style=\"width: 450px\" class=\"wp-caption alignleft\"><img loading=\"lazy\" decoding=\"async\" class=\"wp-image-448\" src=\"http:\/\/life-orchis.eu\/wp-content\/uploads\/2016\/09\/Sure-inf\u00e9rieure-e1474279976476-225x300.jpg\" alt=\"sure-inferieure\" width=\"450\" height=\"599\" srcset=\"https:\/\/life-orchis.lu\/wp-content\/uploads\/2016\/09\/Sure-inf\u00e9rieure-e1474279976476-225x300.jpg 225w, https:\/\/life-orchis.lu\/wp-content\/uploads\/2016\/09\/Sure-inf\u00e9rieure-e1474279976476.jpg 627w\" sizes=\"auto, (max-width: 450px) 100vw, 450px\" \/><figcaption id=\"caption-attachment-448\" class=\"wp-caption-text\">Carte avec le site Natura 2000 (ligne verte) et les territoires vis\u00e9s du projet (orange)<\/figcaption><\/figure><\/p>\n<p>La r\u00e9gion de la Vall\u00e9e de la S\u00fbre inf\u00e9rieure est compos\u00e9 des c\u00f4tes de la vall\u00e9e de la Sure et des vall\u00e9es laterales. La g\u00e9ologie montre surtout des formations du Trias avec du calcaire coquillier (Muschelkalk), mais il se trouvent aussi du gr\u00e8s bigarr\u00e9 sup\u00e9rieur et sur des petites surfaces marnes de keuper. Entre les diff\u00e9rentes couches il y a pour partie des sources qui \u00e9mergent.<\/p>\n<p>Dans les vall\u00e9es la gestion du terrain est surtout domin\u00e9 par l&rsquo;agriculture, tandis qu&rsquo;elle est compos\u00e9 par des prairies et du p\u00e2turage aux collines. Les vergers, fr\u00e9quent autrefois, vieillissent et deviennent de plus en plus rares. Les terrasses et escarpements avec une exposition vers le sud ont \u00e9t\u00e9 utilis\u00e9s comme vignobles autrefois, mais dans la plupart des cas l&rsquo;exploitation a \u00e9t\u00e9 abandonn\u00e9 au cours du temps et les surfaces ont \u00e9t\u00e9 rebois\u00e9es en\u00a0partie. De ce fait r\u00e9sultent l&rsquo;enfrichement et le boisement des c\u00f4tes et il restent que peux de surfaces qui montrent encore des pelouses calcicoles riches en orchid\u00e9es. Pour partie il en restent que des reliquats de l&rsquo;habitat. Les escarpements avec une exposition vers le Nord sont domin\u00e9s par des h\u00eatraies sur calcaire\u00a0et des bois des pentes d\u00e9combrantes et leur transitions. La r\u00e9gion est tr\u00e8s riche en habitats diff\u00e9rents et donne un espace vital \u00e0 beaucoup d&rsquo;animaux et de plantes diff\u00e9rents. Ainsi diff\u00e9rentes esp\u00e8ces de chauves-souris, papillons, orchid\u00e9es, pics, faucons, hiboux et chouettes y trouvent un habitat appropri\u00e9. Aussi trouve-t-on des esp\u00e8ces rares comme l&rsquo;aster amelle, la coquerelle ou la pie-gri\u00e8che \u00e9corcheur dans la vall\u00e9e de la S\u00fbre inf\u00e9rieure.<\/p>\n<p>Les escarpements de la vall\u00e9e de la S\u00fbre inf\u00e9rieure d\u00e9crivent un site typique pour les pelouses calcaires et les formations pionnier de celles-ci. Du coup, la protection des surfaces existantes ainsi que l&rsquo;agrandissement de celles-ci sur des surfaces, qui ne sont plus exploit\u00e9es et broussailleuses\u00a0ou bois\u00e9es en cons\u00e9quence, est tr\u00e8s importante. Par d\u00e9broussailage, respectivement d\u00e9boisement, et une gestion durable avec\u00a0du b\u00e9tail, le nombre de pelouses calcicoles pourrait \u00eatre augment\u00e9es de nouveaux.<\/p>\n<p><figure id=\"attachment_616\" aria-describedby=\"caption-attachment-616\" style=\"width: 640px\" class=\"wp-caption alignnone\"><a href=\"http:\/\/life-orchis.eu\/wp-content\/uploads\/2016\/10\/DJI_0709-e1476707650612.jpg\"><img loading=\"lazy\" decoding=\"async\" class=\"wp-image-616 size-large\" src=\"http:\/\/life-orchis.eu\/wp-content\/uploads\/2016\/10\/DJI_0709-1024x576.jpg\" alt=\"dji_0709\" width=\"640\" height=\"360\" \/><\/a><figcaption id=\"caption-attachment-616\" class=\"wp-caption-text\">Pelouse demi-s\u00e8che \u00e0 &lsquo;D\u00e4iwelskopp&rsquo;<\/figcaption><\/figure><\/p>","protected":false},"excerpt":{"rendered":"<\/p>\n<p>La r\u00e9gion de la Vall\u00e9e de la S\u00fbre inf\u00e9rieure est compos\u00e9 des c\u00f4tes de la vall\u00e9e de la Sure et des vall\u00e9es laterales. La g\u00e9ologie montre surtout des formations du Trias avec du calcaire coquillier (Muschelkalk), mais il se trouvent aussi du gr\u00e8s bigarr\u00e9 sup\u00e9rieur et sur des petites surfaces marnes de keuper. Entre les diff\u00e9rentes couches il y a pour partie des sources qui \u00e9mergent.<\/p>\n<p>Dans les vall\u00e9es la gestion du terrain est surtout domin\u00e9 par l&rsquo;agriculture, <a class=\"read-more\" href=\"https:\/\/life-orchis.lu\/fr\/projektgebiete\/vallee-de-la-sure-inferieure\/\">\u25ba<\/a><\/p>\n","protected":false},"author":3,"featured_media":0,"parent":11,"menu_order":0,"comment_status":"closed","ping_status":"closed","template":"","meta":{"footnotes":""},"class_list":["post-476","page","type-page","status-publish","hentry"],"_links":{"self":[{"href":"https:\/\/life-orchis.lu\/fr\/wp-json\/wp\/v2\/pages\/476","targetHints":{"allow":["GET"]}}],"collection":[{"href":"https:\/\/life-orchis.lu\/fr\/wp-json\/wp\/v2\/pages"}],"about":[{"href":"https:\/\/life-orchis.lu\/fr\/wp-json\/wp\/v2\/types\/page"}],"author":[{"embeddable":true,"href":"https:\/\/life-orchis.lu\/fr\/wp-json\/wp\/v2\/users\/3"}],"replies":[{"embeddable":true,"href":"https:\/\/life-orchis.lu\/fr\/wp-json\/wp\/v2\/comments?post=476"}],"version-history":[{"count":13,"href":"https:\/\/life-orchis.lu\/fr\/wp-json\/wp\/v2\/pages\/476\/revisions"}],"predecessor-version":[{"id":649,"href":"https:\/\/life-orchis.lu\/fr\/wp-json\/wp\/v2\/pages\/476\/revisions\/649"}],"up":[{"embeddable":true,"href":"https:\/\/life-orchis.lu\/fr\/wp-json\/wp\/v2\/pages\/11"}],"wp:attachment":[{"href":"https:\/\/life-orchis.lu\/fr\/wp-json\/wp\/v2\/media?parent=476"}],"curies":[{"name":"wp","href":"https:\/\/api.w.org\/{rel}","templated":true}]}}