{"id":466,"date":"2016-09-19T10:06:04","date_gmt":"2016-09-19T10:06:04","guid":{"rendered":"http:\/\/life-orchis.eu\/?page_id=466"},"modified":"2016-10-18T13:20:57","modified_gmt":"2016-10-18T13:20:57","slug":"bois-de-herborn-echternach-haard","status":"publish","type":"page","link":"https:\/\/life-orchis.lu\/fr\/projektgebiete\/bois-de-herborn-echternach-haard\/","title":{"rendered":"Bois de Herborn \/ Echternach &#8211; Haard"},"content":{"rendered":"<p><figure id=\"attachment_465\" aria-describedby=\"caption-attachment-465\" style=\"width: 450px\" class=\"wp-caption alignleft\"><a href=\"http:\/\/life-orchis.eu\/wp-content\/uploads\/2016\/09\/Herborn1-e1474276992389.jpg\"><img loading=\"lazy\" decoding=\"async\" class=\"wp-image-465\" src=\"http:\/\/life-orchis.eu\/wp-content\/uploads\/2016\/09\/Herborn1-e1474276992389-201x300.jpg\" alt=\"herborn1\" width=\"450\" height=\"670\" srcset=\"https:\/\/life-orchis.lu\/wp-content\/uploads\/2016\/09\/Herborn1-e1474276992389-201x300.jpg 201w, https:\/\/life-orchis.lu\/wp-content\/uploads\/2016\/09\/Herborn1-e1474276992389.jpg 466w\" sizes=\"auto, (max-width: 450px) 100vw, 450px\" \/><\/a><figcaption id=\"caption-attachment-465\" class=\"wp-caption-text\">Carte avec le site Natura 2000 (ligne verte) et les territoires vis\u00e9s du projet (orange)<\/figcaption><\/figure><\/p>\n<p>La r\u00e9gion autour des bois de Herborn et Echternach &#8211; Haard a une g\u00e9ologie domin\u00e9e de marnes\u00a0et calcaires de Strassen ainsi que du gr\u00e8s de Luxembourg du Jura et du Keuper et Muschelkalk du Trias. Les pelouses s\u00e9ches du territoure se trouvent surtout dans les r\u00e9gions frontailers entre le gr\u00e8s du Luxembourg \u00a0avec les formations du Keuper. Le climat est d\u00e9crit par une temp\u00e9rature annuelle moyenne de\u00a08 &#8211; 9 \u00b0C et de pr\u00e9cipitations annuelles moyennes de 700 &#8211; 800 mm.<\/p>\n<p>A cause des nombreuses escarpements et gorges avec des expositions diff\u00e9rentes se cr\u00e9ent des variations climatiques importantes. En plus il se trouvent des nombreuses sources dans les alentours, qui sont\u00a0domin\u00e9s par des associations foresti\u00e8res. Des milieux ouverts\u00a0maigres se trouvent surtout dans les r\u00e9gions excentr\u00e9es et sont compos\u00e9s de prairies maigres de fauche de basse altitude, des pelouses calcicoles et pr\u00e8s avec des formations de juniperus sur calcaire. La r\u00e9gion donne un biotope \u00e0 diff\u00e9rentes chauve-souris, orchid\u00e9es, papillons et orthopt\u00e8res ainsi qu&rsquo;au gen\u00e9vrier et le pie-gri\u00e8che \u00e9corcheur.<\/p>\n<p>Comme les pr\u00e8s calcicoles et les formations de gen\u00e9vriers sont consid\u00e9r\u00e9s comme des habitats tr\u00e8s typiques de cette r\u00e9gion, la protection ainsi que l&rsquo;agrandissement de ces surfaces est d&rsquo;une grande importance. D\u00e9broussaillage,\u00a0enl\u00e8vement de plantations d\u2019arbres non-appropri\u00e9s et extensificaton des surfaces adjacentes sont des mesures pris pour garantir le succ\u00e8s du projet.<\/p>\n<p><figure id=\"attachment_609\" aria-describedby=\"caption-attachment-609\" style=\"width: 640px\" class=\"wp-caption alignnone\"><a href=\"http:\/\/life-orchis.eu\/wp-content\/uploads\/2016\/09\/DJI_0767-e1476691385511.jpg\"><img loading=\"lazy\" decoding=\"async\" class=\"wp-image-609 size-large\" src=\"http:\/\/life-orchis.eu\/wp-content\/uploads\/2016\/09\/DJI_0767-1024x576.jpg\" alt=\"dji_0767\" width=\"640\" height=\"360\" \/><\/a><figcaption id=\"caption-attachment-609\" class=\"wp-caption-text\">Formation de gen\u00e9vrier au &lsquo;Geieschknapp&rsquo;<\/figcaption><\/figure><\/p>","protected":false},"excerpt":{"rendered":"<\/p>\n<p>La r\u00e9gion autour des bois de Herborn et Echternach &#8211; Haard a une g\u00e9ologie domin\u00e9e de marnes\u00a0et calcaires de Strassen ainsi que du gr\u00e8s de Luxembourg du Jura et du Keuper et Muschelkalk du Trias. Les pelouses s\u00e9ches du territoure se trouvent surtout dans les r\u00e9gions frontailers entre le gr\u00e8s du Luxembourg \u00a0avec les formations du Keuper. Le climat est d\u00e9crit par une temp\u00e9rature annuelle moyenne de\u00a08 &#8211; 9 \u00b0C et de pr\u00e9cipitations annuelles moyennes de 700 &#8211; <a class=\"read-more\" href=\"https:\/\/life-orchis.lu\/fr\/projektgebiete\/bois-de-herborn-echternach-haard\/\">\u25ba<\/a><\/p>\n","protected":false},"author":3,"featured_media":0,"parent":11,"menu_order":0,"comment_status":"closed","ping_status":"closed","template":"","meta":{"footnotes":""},"class_list":["post-466","page","type-page","status-publish","hentry"],"_links":{"self":[{"href":"https:\/\/life-orchis.lu\/fr\/wp-json\/wp\/v2\/pages\/466","targetHints":{"allow":["GET"]}}],"collection":[{"href":"https:\/\/life-orchis.lu\/fr\/wp-json\/wp\/v2\/pages"}],"about":[{"href":"https:\/\/life-orchis.lu\/fr\/wp-json\/wp\/v2\/types\/page"}],"author":[{"embeddable":true,"href":"https:\/\/life-orchis.lu\/fr\/wp-json\/wp\/v2\/users\/3"}],"replies":[{"embeddable":true,"href":"https:\/\/life-orchis.lu\/fr\/wp-json\/wp\/v2\/comments?post=466"}],"version-history":[{"count":19,"href":"https:\/\/life-orchis.lu\/fr\/wp-json\/wp\/v2\/pages\/466\/revisions"}],"predecessor-version":[{"id":664,"href":"https:\/\/life-orchis.lu\/fr\/wp-json\/wp\/v2\/pages\/466\/revisions\/664"}],"up":[{"embeddable":true,"href":"https:\/\/life-orchis.lu\/fr\/wp-json\/wp\/v2\/pages\/11"}],"wp:attachment":[{"href":"https:\/\/life-orchis.lu\/fr\/wp-json\/wp\/v2\/media?parent=466"}],"curies":[{"name":"wp","href":"https:\/\/api.w.org\/{rel}","templated":true}]}}