{"id":12,"date":"2015-04-13T09:40:08","date_gmt":"2015-04-13T09:40:08","guid":{"rendered":"http:\/\/www.life-orchis.eu\/?page_id=12"},"modified":"2015-08-21T08:31:28","modified_gmt":"2015-08-21T08:31:28","slug":"aktionen","status":"publish","type":"page","link":"https:\/\/life-orchis.lu\/fr\/aktionen\/","title":{"rendered":"Actions"},"content":{"rendered":"<p>La restauration des prairies calcaires et les formations de gen\u00e9vrier se r\u00e9alise, dans le cadre du projet, \u00e0 diff\u00e9rents niveaux\u00a0:<\/p>\n<ul>\n<li>L\u2019Etat de nombreux prairies calcaires et stocks de gen\u00e9vrier encore existants varie de mauvais \u00e0 tr\u00e8s mauvais. Des mesures d\u2019am\u00e9lioration de l\u2019\u00e9tat de conservation sont \u00e0 prendre<\/li>\n<li>Beaucoup d&rsquo;anciennes pelouses maigres sont d\u00e9j\u00e0 fortement embroussaill\u00e9es ou rebois\u00e9es. Par le d\u00e9broussaillage et l&rsquo;enl\u00e8vement des arbres non indig\u00e8nes, des sites ouverts seront recr\u00e9\u00e9s, sur laquelle la restauration de prairies maigres deviendra possible.<\/li>\n<li>Une sauvegarde de mani\u00e8re permanente des prairies maigres est uniquement possible dans le cadre d\u2019une gestion appropri\u00e9e. A c\u00f4t\u00e9 de l\u2019\u00e9tablissement d\u2019un p\u00e2turage extensif, des mesures d\u2019extension sont n\u00e9cessaires pour ramener les surfaces fertilis\u00e9es \u00e0 un \u00e9tat de pelouse maigre.<\/li>\n<li>Pour garantir durablement les mesures effectu\u00e9es, des achats de territoires et la conclusion de baux \u00e0 long terme sont pr\u00e9vus.<\/li>\n<\/ul>\n<p>Bas\u00e9 sur ces quatre strat\u00e9gies, des mesures de conservation et de restauration sp\u00e9cifiques suivantes sont tir\u00e9es:<\/p>\n<table width=\"1059\">\n<tbody>\n<tr>\n<th width=\"265\">Buts<\/th>\n<th width=\"433\">Mesures<\/th>\n<th width=\"361\">Surface<\/th>\n<\/tr>\n<tr>\n<td width=\"265\">Am\u00e9lioration de l&rsquo;\u00e9tat de conservation<\/td>\n<td width=\"433\">&#8211; R\u00e9duction de liti\u00e8re et de dominances<br \/>\npar plantes sociales\u00a0 (C1)<\/td>\n<td style=\"text-align: center;\" width=\"361\">13 ha<\/td>\n<\/tr>\n<tr>\n<td rowspan=\"6\" width=\"265\">Restauration<\/td>\n<td width=\"433\">&#8211; D\u00e9broussaillage (C2)<\/td>\n<td style=\"text-align: center;\" width=\"361\">62 ha<\/td>\n<\/tr>\n<tr>\n<td width=\"433\">&#8211; Enl\u00e8vement de plantations d&rsquo;arbres non-appropri\u00e9s (C3)<\/td>\n<td style=\"text-align: center;\" width=\"361\">5 ha<\/td>\n<\/tr>\n<tr>\n<td width=\"433\">&#8211; Ensemencement avec des graines locales (C4)<\/td>\n<td style=\"text-align: center;\" width=\"361\">54 ha<\/td>\n<\/tr>\n<tr>\n<td width=\"433\">&#8211; Elimination de d\u00e9p\u00f4ts (C7)<\/td>\n<td style=\"text-align: center;\" width=\"361\">selon besoins<\/td>\n<\/tr>\n<tr>\n<td width=\"433\">&#8211; Fauchage de rejets (C8)<\/td>\n<td style=\"text-align: center;\" width=\"361\">84 ha<\/td>\n<\/tr>\n<tr>\n<td width=\"433\">&#8211; Plantation de\u00a0 Juniperus communis (C9)<\/td>\n<td style=\"text-align: center;\" width=\"361\">2 ha<\/td>\n<\/tr>\n<tr>\n<td width=\"265\">Conservation \u00e0 long terme<\/td>\n<td width=\"433\">&#8211; Acquisition de terrains (B1)<\/td>\n<td style=\"text-align: center;\" width=\"361\">30 ha<\/td>\n<\/tr>\n<tr>\n<td rowspan=\"2\" width=\"265\">Gestion<\/td>\n<td width=\"433\">&#8211; P\u00e2turage et construction de cl\u00f4tures\u00a0 (C5)<\/td>\n<td style=\"text-align: center;\" width=\"361\">27 km<\/td>\n<\/tr>\n<tr>\n<td width=\"433\">&#8211; Extensification de terrains agricoles adjacentes (C6)<\/td>\n<td style=\"text-align: center;\" width=\"361\">45 ha<\/td>\n<\/tr>\n<\/tbody>\n<\/table>\n<p>.<\/p>","protected":false},"excerpt":{"rendered":"<p>La restauration des prairies calcaires et les formations de gen\u00e9vrier se r\u00e9alise, dans le cadre du projet, \u00e0 diff\u00e9rents niveaux\u00a0:<\/p>\n<ul>\n<li>L\u2019Etat de nombreux prairies calcaires et stocks de gen\u00e9vrier encore existants varie de mauvais \u00e0 tr\u00e8s mauvais. Des mesures d\u2019am\u00e9lioration de l\u2019\u00e9tat de conservation sont \u00e0 prendre<\/li>\n<li>Beaucoup d&rsquo;anciennes pelouses maigres sont d\u00e9j\u00e0 fortement embroussaill\u00e9es ou rebois\u00e9es. Par le d\u00e9broussaillage et l&rsquo;enl\u00e8vement des arbres non indig\u00e8nes, des sites ouverts seront recr\u00e9\u00e9s,<\/li>\n<p> <a class=\"read-more\" href=\"https:\/\/life-orchis.lu\/fr\/aktionen\/\">\u25ba<\/a><\/ul>\n","protected":false},"author":1,"featured_media":0,"parent":0,"menu_order":6,"comment_status":"closed","ping_status":"open","template":"","meta":{"footnotes":""},"class_list":["post-12","page","type-page","status-publish","hentry"],"_links":{"self":[{"href":"https:\/\/life-orchis.lu\/fr\/wp-json\/wp\/v2\/pages\/12","targetHints":{"allow":["GET"]}}],"collection":[{"href":"https:\/\/life-orchis.lu\/fr\/wp-json\/wp\/v2\/pages"}],"about":[{"href":"https:\/\/life-orchis.lu\/fr\/wp-json\/wp\/v2\/types\/page"}],"author":[{"embeddable":true,"href":"https:\/\/life-orchis.lu\/fr\/wp-json\/wp\/v2\/users\/1"}],"replies":[{"embeddable":true,"href":"https:\/\/life-orchis.lu\/fr\/wp-json\/wp\/v2\/comments?post=12"}],"version-history":[{"count":29,"href":"https:\/\/life-orchis.lu\/fr\/wp-json\/wp\/v2\/pages\/12\/revisions"}],"predecessor-version":[{"id":343,"href":"https:\/\/life-orchis.lu\/fr\/wp-json\/wp\/v2\/pages\/12\/revisions\/343"}],"wp:attachment":[{"href":"https:\/\/life-orchis.lu\/fr\/wp-json\/wp\/v2\/media?parent=12"}],"curies":[{"name":"wp","href":"https:\/\/api.w.org\/{rel}","templated":true}]}}