{"id":11,"date":"2015-04-13T09:40:08","date_gmt":"2015-04-13T09:40:08","guid":{"rendered":"http:\/\/www.life-orchis.eu\/?page_id=11"},"modified":"2016-10-11T12:04:53","modified_gmt":"2016-10-11T12:04:53","slug":"projektgebiete","status":"publish","type":"page","link":"https:\/\/life-orchis.lu\/fr\/projektgebiete\/","title":{"rendered":"Sites du projet"},"content":{"rendered":"<p>L\u2019instrument co-finacier europ\u00e9en <a href=\"http:\/\/ec.europa.eu\/environment\/life\/\" target=\"_blank\">LIFE<\/a> est limit\u00e9 \u00e0 la mise en ouevre de mesures dans les zones europ\u00e9ennes prot\u00e9g\u00e9es du <a href=\"http:\/\/ec.europa.eu\/environment\/nature\/natura2000\/\" target=\"_blank\">r\u00e9seau Natura 2000<\/a>. Pour cette raison, huit sites Natura 2000 ont \u00e9t\u00e9 s\u00e9lectionn\u00e9s dans l&rsquo;est du pays qui accueillent la majorit\u00e9 des lieux o\u00f9 on trouve encore des prairies calcaires et de formations de gen\u00e9vrier au Luxembourg.<\/p>\n<p>Ces sites au Luxembour, dans le sud des calcaires du Jura de la Minette et du Gutland central et oriental, sont reli\u00e9s \u00e0 des roches de Keuper et de calcaire coquillier. Puisque la majorit\u00e9 des pelouses calcaires des anciennes zones mini\u00e8res est couvert par des mesures de la gestion de l\u2019environnement et SICONA Ouest, le projet LIFE ORCHIS se concentre sur les prairies calcaires des sites Natura 2000 dans l\u2019est du Luxembourg.<\/p>\n<p>&nbsp;<\/p>\n<h3>Sites Natura 2000 touch\u00e9s par le projet<\/h3>\n<h3><a href=\"http:\/\/www.life-orchis.eu\/wp-content\/uploads\/2015\/05\/projektgebiete.jpg\"><img loading=\"lazy\" decoding=\"async\" class=\"aligncenter wp-image-205 size-large\" src=\"http:\/\/www.life-orchis.eu\/wp-content\/uploads\/2015\/05\/projektgebiete-1024x639.jpg\" alt=\"projektgebiete\" width=\"640\" height=\"399\" srcset=\"https:\/\/life-orchis.lu\/wp-content\/uploads\/2015\/05\/projektgebiete-1024x639.jpg 1024w, https:\/\/life-orchis.lu\/wp-content\/uploads\/2015\/05\/projektgebiete-300x187.jpg 300w, https:\/\/life-orchis.lu\/wp-content\/uploads\/2015\/05\/projektgebiete.jpg 2000w\" sizes=\"auto, (max-width: 640px) 100vw, 640px\" \/><\/a><\/h3>\n<p><a href=\"http:\/\/life-orchis.eu\/projektgebiete\/vallee-de-lernz-noire-beaufort-berdorf\/\">Vall\u00e9e de l&rsquo;Ernz noire \/ Beaufort \/ Berdorf<\/a><\/p>\n<p><a href=\"http:\/\/life-orchis.eu\/projektgebiete\/vallee-de-lernz-blanche\/\">Vall\u00e9e de l&rsquo;Ernz blanche<\/a><\/p>\n<p><a href=\"http:\/\/life-orchis.eu\/projektgebiete\/bois-de-herborn-echternach-haard\/\">Bois de Herborn \/ Echternach &#8211; Haard<\/a><\/p>\n<p><a href=\"http:\/\/life-orchis.eu\/projektgebiete\/vallee-de-la-sure-inferieure\/\">Val\u00e9e de la S\u00fbre inf\u00e9rieure<\/a><\/p>\n<p><a href=\"http:\/\/life-orchis.eu\/projektgebiete\/pelouses-calcaires-de-la-region-de-junglinster\/\">Pelouses calcaires de la R\u00e9gion de Junglinster<\/a><\/p>\n<p><a href=\"http:\/\/life-orchis.eu\/projektgebiete\/vallee-de-la-syre-de-manternach-a-fielsmillen\/\">Vall\u00e9e de la Syre de Manternach \u00e0 Fielsmillen<\/a><\/p>\n<p><a href=\"http:\/\/life-orchis.eu\/projektgebiete\/machtum-pellembierg-froumbierg-greivenmaacherbierg\/\">Machtum &#8211; Pellembierg \/ Froumbierg \/ Greivenmaacherbierg<\/a><\/p>\n<p><a href=\"http:\/\/life-orchis.eu\/projektgebiete\/region-de-la-moselle-superieure\/\">R\u00e9gion de la Moselle sup\u00e9rieure<\/a><\/p>","protected":false},"excerpt":{"rendered":"<p>L\u2019instrument co-finacier europ\u00e9en <a href=\"http:\/\/ec.europa.eu\/environment\/life\/\" target=\"_blank\">LIFE<\/a> est limit\u00e9 \u00e0 la mise en ouevre de mesures dans les zones europ\u00e9ennes prot\u00e9g\u00e9es du <a href=\"http:\/\/ec.europa.eu\/environment\/nature\/natura2000\/\" target=\"_blank\">r\u00e9seau Natura 2000<\/a>. Pour cette raison, huit sites Natura 2000 ont \u00e9t\u00e9 s\u00e9lectionn\u00e9s dans l&rsquo;est du pays qui accueillent la majorit\u00e9 des lieux o\u00f9 on trouve encore des prairies calcaires et de formations de gen\u00e9vrier au Luxembourg.<\/p>\n<p>Ces sites au Luxembour, dans le sud des calcaires du Jura de la Minette et du Gutland central et oriental, <a class=\"read-more\" href=\"https:\/\/life-orchis.lu\/fr\/projektgebiete\/\">\u25ba<\/a><\/p>\n","protected":false},"author":1,"featured_media":0,"parent":0,"menu_order":5,"comment_status":"closed","ping_status":"open","template":"","meta":{"footnotes":""},"class_list":["post-11","page","type-page","status-publish","hentry"],"_links":{"self":[{"href":"https:\/\/life-orchis.lu\/fr\/wp-json\/wp\/v2\/pages\/11","targetHints":{"allow":["GET"]}}],"collection":[{"href":"https:\/\/life-orchis.lu\/fr\/wp-json\/wp\/v2\/pages"}],"about":[{"href":"https:\/\/life-orchis.lu\/fr\/wp-json\/wp\/v2\/types\/page"}],"author":[{"embeddable":true,"href":"https:\/\/life-orchis.lu\/fr\/wp-json\/wp\/v2\/users\/1"}],"replies":[{"embeddable":true,"href":"https:\/\/life-orchis.lu\/fr\/wp-json\/wp\/v2\/comments?post=11"}],"version-history":[{"count":40,"href":"https:\/\/life-orchis.lu\/fr\/wp-json\/wp\/v2\/pages\/11\/revisions"}],"predecessor-version":[{"id":608,"href":"https:\/\/life-orchis.lu\/fr\/wp-json\/wp\/v2\/pages\/11\/revisions\/608"}],"wp:attachment":[{"href":"https:\/\/life-orchis.lu\/fr\/wp-json\/wp\/v2\/media?parent=11"}],"curies":[{"name":"wp","href":"https:\/\/api.w.org\/{rel}","templated":true}]}}