{"id":10,"date":"2015-04-13T09:40:08","date_gmt":"2015-04-13T09:40:08","guid":{"rendered":"http:\/\/www.life-orchis.eu\/?page_id=10"},"modified":"2015-08-21T07:53:54","modified_gmt":"2015-08-21T07:53:54","slug":"gefahrdung","status":"publish","type":"page","link":"https:\/\/life-orchis.lu\/fr\/gefahrdung\/","title":{"rendered":"Menaces"},"content":{"rendered":"<p><\/p>\n<h2><strong>Menaces pour les pelouses calcaires et les landes \u00e0 gen\u00e9vrier<\/strong><\/h2>\n<p>Les menaces pesant sur les pelouses calcicoles peuvent \u00eatre classifi\u00e9e dans les cat\u00e9gories suivantes\u00a0:<\/p>\n<ul>\n<li>d\u00e9t\u00e9rioration de l&rsquo;\u00e9tat de conservation en raison de l&rsquo;insuffisance des soins ou gestion inappropri\u00e9s.<\/li>\n<li>la perte de surface par enfrichement et l&#8217;empi\u00e8tement des superficies<\/li>\n<li>perte de surface par reboisement<\/li>\n<li>Variation des stocks par l&rsquo;eutrophisation et l&rsquo;intensification<\/li>\n<li>Perte de structures de v\u00e9g\u00e9tation typique par le manque de r\u00e9g\u00e9n\u00e9ration (landes de gen\u00e9vriers)<\/li>\n<\/ul>\n<p>La menace sortant de ces dangers est d\u00e9crite en d\u00e9tail ci-dessous.<\/p>\n<h3>Accumulation de liti\u00e8re<\/h3>\n<p>L&rsquo;accumulation de liti\u00e8re sur les pelouses calcaires est une cons\u00e9quence due au manque de gestion de ces surfaces et lance la succession naturelle. Durant l\u2019omission de gestion, des esp\u00e8ces qui forment des m\u00f4les, accumulent de l\u2019azote et \u00e9tendent leur ramification, ont l\u2019occasion de se propager sous des strates de mousse et de liti\u00e8re.<\/p>\n<p>Sur des surfaces plates immigrent des esp\u00e8ces plus vigoureuses et m\u00eame en partie des esp\u00e8ces thermophiles <em>(Trifolio-Geranietea)<\/em> \u00e0 ramifications \u00e9tendues, comme p.ex. le tr\u00e8fle flexueux <em>(Trifolium medium), <\/em>Inule \u00e0 feuilles de saule <em>(Inula salicina)<\/em> et autres plantes. Les gramin\u00e9es \u00e0 forte concurrence, comme le brachypode penn\u00e9 <em>(Brachypodium pinnatum)<\/em> et le brome dress\u00e9 <em>(Bromus erectus<\/em>) sont les esp\u00e8ces qui dominent principalement les sols de la formation Keuper.<\/p>\n<p>La perte des esp\u00e8ces hautement sp\u00e9cialis\u00e9es du type d\u2019habitat conduit \u00e0 un appauvrissement floristique et structural des sites.<\/p>\n<p>En plus de la modification de la flore, l&rsquo;enfrichement attire un changement dans la qualit\u00e9 de l\u2019habitat pour un certain nombre d\u2019esp\u00e8ces animales sp\u00e9cialis\u00e9es, comme par exemple pour certains insectes li\u00e9s \u00e0 cet habitat \u00e0 voir l\u2019\u00e9caille chin\u00e9e <em>(Callimorpha quadripunctaria) <\/em>et certains oiseaux comme le pie-gr\u00e8che \u00e9corcheur <em>(Lanius collurio)<\/em>. Comme un tremplin et \u00e9quilibreur de vie pour les habitants adjacents, la perte de prairies calcaires conduit in\u00e9vitablement \u00e0 l&rsquo;appauvrissement des habitats voisins.<\/p>\n<p>Dans le projet plusieurs mesures de d\u00e9feutrage sont en vue, mais en fin de compte uniquement l\u2019introduction d\u2019un p\u00e2turage contr\u00f4l\u00e9 peut stabiliser les stocks de mani\u00e8re durable.<\/p>\n<p>&nbsp;<\/p>\n<h3>Embroussaillage<\/h3>\n<p>Avec la progression de la jach\u00e8re et le manque d\u2019abroutissement par le b\u00e9tail, les prairies calcaires d\u00e9grad\u00e9es \u00e9voluent du stade d\u2019enfrichement \u00e0 croissance de buissons de prunellier et plus tard au stade de reboisement.<\/p>\n<p>Le plus grand danger vient de l&rsquo;expansion agressive des esp\u00e8ces d\u00e9veloppant des stolons, comme le prunellier, le cornouiller rouge ou le tro\u00e8ne. Dans un court laps de temps des zones bois\u00e9es ferm\u00e9es surviennent. Beaucoup plus lent se produit la colonisation avec des graines transport\u00e9s par voie aerienne (fr\u00eane, \u00e9rable) ou par zoochorie (aub\u00e9pine, ch\u00eane). Ils d\u00e9pendent, afin de pouvoir pousser, de lacunes sur la couche v\u00e9g\u00e9tale ou sur la liti\u00e8re. Puisque ceci se produit de fa\u00e7on sporadique dans les prairies calcaires non g\u00e9r\u00e9s, ces arbres peuvent grandir que ponctuellement afin de donner le caract\u00e8re de parc ouvert. Affect\u00e9 par ce processus sont toutes les jach\u00e8res \u00e9tant avant des pelouses calcaires, ainsi que les domaines encore ouverts, en partie broussailleux.<\/p>\n<p>L&#8217;embroussaillement croissant \u00e9vince la flore et la faune de pelouses calcaires sp\u00e9cialis\u00e9s gr\u00e2ce \u00e0 l&rsquo;ombrage et modifie le microclimat. Le paysage \u00e0 parc ouvert avec des arbres sporadiques livre \u00e0 certaines esp\u00e8ces d\u2019orchid\u00e9es un habitat appropri\u00e9. Les orchid\u00e9es qui pourtant doivent compter sur des endroits pleinement ensoleill\u00e9s (esp\u00e8ces du genre <em>Ophrys <\/em>et <em>Orchis<\/em>), disparaissent rapidement.<\/p>\n<p>Par d\u00e9broussaillement, les prairies calcaires d\u00e9grad\u00e9es et compl\u00e8tement empi\u00e9t\u00e9es seront restaur\u00e9es. Il est n\u00e9cessaire d\u2019installer un p\u00e2turage contr\u00f4l\u00e9 pour maintenir l\u2019\u00e9tat acquis. Les zones bois\u00e9es largement ouvertes devraient \u00eatre seulement d\u00e9broussaill\u00e9 partiellement de sorte que la mosa\u00efque de micro-emplacements est maintenue.<\/p>\n<p>&nbsp;<\/p>\n<h3>Plantation d\u2018arbres non appropri\u00e9s<\/h3>\n<p>Depuis la 2i\u00e8me Guerre Mondiale, lors de p\u00e9riodes diff\u00e9rentes, des reboisements avec des arbres non appropri\u00e9s et souvent non-indig\u00e8nes (Epic\u00e9a, pin, robinier) ont \u00e9t\u00e9 effectu\u00e9s sur certains sous-secteurs dans la zone du projet. L\u2019occultation des sites conduit \u00e0 un changement complet des conditions \u00e9daphiques et climatiques. Les esp\u00e8ces tol\u00e9rantes \u00e0 ce changement et produisant des stolons, comme celles appartenant au genre Brachypodium <em>(Brachypodium pinnatum, Inula salicina)<\/em>, peuvent pousser longtemps dans ces emplacements et d\u00e9terminent la v\u00e9g\u00e9tation du sol. Egalement des esp\u00e8ces d\u2019orchid\u00e9es des for\u00eats et bosquets clairs, tol\u00e9rantes \u00e0 l\u2019ombre, peuvent se bien maintenir, pendant que des esp\u00e8ces des pelouses calcaires disparaissent de plus en plus.<\/p>\n<p>Gr\u00e2ce \u00e0 l\u2019accumulation de liti\u00e8re, il y a un profond changement des lieux, de sorte que des esp\u00e8ces plus vigoureuses peuvent s\u2019\u00e9tablir au d\u00e9triment des esp\u00e8ces sensibles et faibles en concurrence. Cela inclut la destruction \u00e0 long terme des conditions mycologiques pour les orchid\u00e9es, ainsi que les diasporas stock\u00e9es dans le sol. La possibilit\u00e9 d\u2019activation de leur capacit\u00e9 de germination est limit\u00e9e.<\/p>\n<p>Particuli\u00e8rement dramatique sont les changements sous les robiniers. Par leur capacit\u00e9 de fixer de l\u2019azote ils produisent in\u00e9vitablement une eutrophisation importante des emplacements.<\/p>\n<p>Ces changements concernent aussi les habitats d\u2019alimentation et de reproduction de la faune des paysages ouverts.<\/p>\n<p>Le danger venant du reboisement touche presque tous les territoires, o\u00f9 seulement des petites exploitations sont habituellement disponibles. Dans le voisinage imm\u00e9diat des plantations existantes, elle pourrait conduire \u00e0 une propagation par graines ou de croissance clonale (robinier). Pour restaurer les emplacements potentiels, des emplacements sont achet\u00e9s et les arbres non appropri\u00e9s ou non-indig\u00e8nes sont enlev\u00e9s. Pour activer la v\u00e9g\u00e9tation au sol, des semis de graines r\u00e9colt\u00e9es sur des pelouses en bon \u00e9tat de conservation (C4) sont effectu\u00e9es avec des esp\u00e8ces de pelouses calcaires.<\/p>\n<p>&nbsp;<\/p>\n<h3>Intensification et eutrophisation<\/h3>\n<p>Les zones plates et profondes ont \u00e9t\u00e9 intensifi\u00e9es en g\u00e9n\u00e9ral dans le cadre de l\u2019usage agricole. Dans la zone du projet pr\u00e9domine la prairie intensive sur le terrain, parce que particuli\u00e8rement les sols lourds sont plus difficiles \u00e0 g\u00e9rer sur marnes de Keuper que sur des acres. La prairie est faite par bouleversement et par semis et est stabilis\u00e9e par engrais et lisier. Les prairies extensivement exploit\u00e9es (6510) ou les p\u00e2turages maigres sont habituellement trouv\u00e9s uniquement sur les bords du paysage, o\u00f9 la topographie rend difficile la gestion rationnelle avec de grandes machines. A ces sites on retrouve donc souvent un petit morceau de mosa\u00efque de prairies et p\u00e2turages secs, des vergers exploit\u00e9s extensivement et des prairies calcaires.<\/p>\n<p>Les prairies abondamment cultiv\u00e9es ont une importance particuli\u00e8re pour la conservation des prairies calcaires, car une partie des esp\u00e8ces des pelouses maigres peuvent se retrouver aussi dans les pr\u00e9s maigres.<\/p>\n<p>Avec l\u2019intensification de l\u2019agriculture, il conduit in\u00e9vitablement \u00e0 une \u00e9viction des esp\u00e8ces peu comp\u00e9titives par des esp\u00e8ces nitrophiles tr\u00e8s r\u00e9pandues des prairies intensives. Dans les stocks il parvient un d\u00e9placement du r\u00e9pertoire des esp\u00e8ces pr\u00e9sentes, selon lesquelles les plantes \u00e0 fleurs sont de plus en plus substitu\u00e9es par des hautes herbes.<\/p>\n<p>La destruction du microclimat et de la structure de v\u00e9g\u00e9tation \u00e9vince par la suite les esp\u00e8ces adapt\u00e9es \u00e0 ce milieu.<\/p>\n<p>Les domaines essentiels doivent \u00eatre prot\u00e9g\u00e9s de plus par des zones tampons contre l\u2019eutrophisation et l\u2019entr\u00e9e de pesticides.<\/p>\n<p>&nbsp;<\/p>\n<h3>D\u00e9p\u00f4ts de d\u00e9combres et de d\u00e9chets<\/h3>\n<p>Bien que maintenant le d\u00e9versement de d\u00e9chets ou de d\u00e9bris sur le paysage sauvage a largement disparu, il parvient tout de m\u00eame des fois \u00e0 des endroits facilement accessibles et difficiles \u00e0 contr\u00f4ler\/voir des d\u00e9p\u00f4ts de ce genre.<\/p>\n<p>De plus il y aura s\u00fbrement au cours des d\u00e9broussaillements, des d\u00e9couvertes de d\u00e9p\u00f4ts de d\u00e9chets ou d\u2019anciennes infrastructures de p\u00e2turage.<\/p>\n<p>Il n\u2019existe pourtant pas une menace directe pour les habitats concern\u00e9s, seulement les d\u00e9penses et efforts pour la restauration des surfaces peuvent augmenter.<\/p>\n<p>Au sein du projet, une \u00e9limination ponctuelle de d\u00e9p\u00f4ts petits \u00e0 mat\u00e9riels d\u00e9charg\u00e9s est pr\u00e9vue. Des mesures de restauration plus \u00e9labor\u00e9s sont dans la responsabilit\u00e9 des propri\u00e9taires respectifs. Lors de l\u2019achat de terrains il est de faire en sorte que des zones \u00e0 d\u00e9p\u00f4ts plus importants ou des zones suspectes soient exclues. Dans le cadre de la restauration de prairies calcaires potentielles avec des d\u00e9p\u00f4ts, ceux-ci seront enlev\u00e9s et \u00e9limin\u00e9s correctement (C7).<\/p>\n<p>&nbsp;<\/p>\n<h3>Manque de r\u00e9g\u00e9n\u00e9ration de geni\u00e8vre<\/h3>\n<p>L&rsquo;image caract\u00e9ristique des landes de gen\u00e9vrier est li\u00e9e \u00e0 un \u00e9levage extensif de moutons. <em>Juniperus communis<\/em> n\u00e9cessite pour sa r\u00e9g\u00e9n\u00e9ration v\u00e9g\u00e9tative d\u2019un abroutissement r\u00e9gulier. La propagation g\u00e9n\u00e9rative par semences d\u00e9pend de surfaces de sols tenues ouvertes par le d\u00e9pistage du b\u00e9tail. De plus elles n\u00e9cessitent lors de la phase de germination une certaine humidit\u00e9 du sol. Dans son ensemble, on peut supposer que la germination rendue difficile est influenc\u00e9e favorablement par la fermentation, due \u00e0 la p\u00e2ture, de la peau des graines et que l\u2019inhibition de germination est r\u00e9duite par la p\u00e2ture du b\u00e9tail. L\u2019absence ou le manque de p\u00e2turage pourrait \u00eatre une cause possible de la faible r\u00e9g\u00e9n\u00e9ration via croissance juv\u00e9nile. Cela est v\u00e9rifi\u00e9 dans le cadre du projet. Dans les zones existantes avec landes de gen\u00e9vriers la r\u00e9g\u00e9n\u00e9ration des stocks s\u2019est consid\u00e9rablement aggrav\u00e9e au cours des derni\u00e8res ann\u00e9es, de telle mani\u00e8re qu\u2019il est venu \u00e0 un vieillissement croissant des stocks.<\/p>\n<p>Pour contrer une part, la reprise de p\u00e2turage (C6), ainsi que la plantation de jeunes plantes de Juniperus autochtones est pr\u00e9vue (C9).<\/p>","protected":false},"excerpt":{"rendered":"<\/p>\n<p><strong>Menaces pour les pelouses calcaires et les landes \u00e0 gen\u00e9vrier<\/strong><\/p>\n<p>Les menaces pesant sur les pelouses calcicoles peuvent \u00eatre classifi\u00e9e dans les cat\u00e9gories suivantes\u00a0:<\/p>\n<ul>\n<li>d\u00e9t\u00e9rioration de l&rsquo;\u00e9tat de conservation en raison de l&rsquo;insuffisance des soins ou gestion inappropri\u00e9s.<\/li>\n<li>la perte de surface par enfrichement et l&#8217;empi\u00e8tement des superficies<\/li>\n<li>perte de surface par reboisement<\/li>\n<li>Variation des stocks par l&rsquo;eutrophisation et l&rsquo;intensification<\/li>\n<li>Perte de structures de v\u00e9g\u00e9tation typique par le manque de r\u00e9g\u00e9n\u00e9ration (landes de gen\u00e9vriers)<\/li>\n<\/ul>\n<p>La menace sortant de ces dangers est d\u00e9crite en d\u00e9tail ci-dessous. <a class=\"read-more\" href=\"https:\/\/life-orchis.lu\/fr\/gefahrdung\/\">\u25ba<\/a><\/p>\n","protected":false},"author":1,"featured_media":0,"parent":0,"menu_order":4,"comment_status":"closed","ping_status":"open","template":"","meta":{"footnotes":""},"class_list":["post-10","page","type-page","status-publish","hentry"],"_links":{"self":[{"href":"https:\/\/life-orchis.lu\/fr\/wp-json\/wp\/v2\/pages\/10","targetHints":{"allow":["GET"]}}],"collection":[{"href":"https:\/\/life-orchis.lu\/fr\/wp-json\/wp\/v2\/pages"}],"about":[{"href":"https:\/\/life-orchis.lu\/fr\/wp-json\/wp\/v2\/types\/page"}],"author":[{"embeddable":true,"href":"https:\/\/life-orchis.lu\/fr\/wp-json\/wp\/v2\/users\/1"}],"replies":[{"embeddable":true,"href":"https:\/\/life-orchis.lu\/fr\/wp-json\/wp\/v2\/comments?post=10"}],"version-history":[{"count":17,"href":"https:\/\/life-orchis.lu\/fr\/wp-json\/wp\/v2\/pages\/10\/revisions"}],"predecessor-version":[{"id":329,"href":"https:\/\/life-orchis.lu\/fr\/wp-json\/wp\/v2\/pages\/10\/revisions\/329"}],"wp:attachment":[{"href":"https:\/\/life-orchis.lu\/fr\/wp-json\/wp\/v2\/media?parent=10"}],"curies":[{"name":"wp","href":"https:\/\/api.w.org\/{rel}","templated":true}]}}