{"id":476,"date":"2016-09-19T10:16:09","date_gmt":"2016-09-19T10:16:09","guid":{"rendered":"http:\/\/life-orchis.eu\/?page_id=476"},"modified":"2016-10-18T13:24:54","modified_gmt":"2016-10-18T13:24:54","slug":"vallee-de-la-sure-inferieure","status":"publish","type":"page","link":"https:\/\/life-orchis.lu\/en\/projektgebiete\/vallee-de-la-sure-inferieure\/","title":{"rendered":"Vall\u00e9e de la S\u00fbre inf\u00e9rieure"},"content":{"rendered":"<p><figure id=\"attachment_448\" aria-describedby=\"caption-attachment-448\" style=\"width: 450px\" class=\"wp-caption alignleft\"><a href=\"http:\/\/life-orchis.eu\/wp-content\/uploads\/2016\/09\/Sure-inf\u00e9rieure-e1474279976476.jpg\"><img loading=\"lazy\" decoding=\"async\" class=\"wp-image-448\" src=\"http:\/\/life-orchis.eu\/wp-content\/uploads\/2016\/09\/Sure-inf\u00e9rieure-e1474279976476-225x300.jpg\" alt=\"sure-inferieure\" width=\"450\" height=\"599\" srcset=\"https:\/\/life-orchis.lu\/wp-content\/uploads\/2016\/09\/Sure-inf\u00e9rieure-e1474279976476-225x300.jpg 225w, https:\/\/life-orchis.lu\/wp-content\/uploads\/2016\/09\/Sure-inf\u00e9rieure-e1474279976476.jpg 627w\" sizes=\"auto, (max-width: 450px) 100vw, 450px\" \/><\/a><figcaption id=\"caption-attachment-448\" class=\"wp-caption-text\">Card showing the Natura 2000 area (green line) and the target areas (orange)<\/figcaption><\/figure><\/p>\n<p>The region of the lower valley of the Sauer is composed by the hillsides of the Sauer valley and its secondary valleys. The geology shows primarily Triassic formations with Muschelkalk, but there are also Upper bunter sandstone and small-area Keuper marl. Between the different layer there are partly springs emerging.<\/p>\n<p>In the valley the land use is mainly\u00a0arable farming, whereas in the hills it&#8217;s mainly meadows and pasturages. Orchards, formerly numerous in the area, are aging and becoming more and more rare. The terraces and escarpments with an exposition to the South were used for viticulture\u00a0in the past, but in most cases they are no longer used and in parts forestation took place. This is why shrubs and woods took over in the hills and only few areas still show orchid-rich calcareous grasslands. In parts there are only relicts\u00a0of the habitat remaining. The escarpments exposed to the Nord are dominated by beech forests on calcareous ground and boulder slope woods as well as their\u00a0transitions. The region is very habitat-rich and gives a living space to many different animals and plants. For example different species of bats, butterflies, orchids, woodpeckers, falcons and owls find a suitable habitat in this area. The more rare species like the european Michaelmas-daisy, the pasque flower or the red-backed shrike can be found in the lower Sauer valley.<\/p>\n<p>The escarpements of the lower Sauer valley describe a typical site for calcareous grassland and juniper formations as well as the pioneer forms of them. Hence\u00a0the protection of existant sites as well as the enlargement on surfaces which are no longer used, and therefore are invaded by shrubs and woods, is very important. By removing the shrubs and trees, followed by pasturing, the number of calcareous grassland could be raised again.<\/p>\n<p><figure id=\"attachment_616\" aria-describedby=\"caption-attachment-616\" style=\"width: 640px\" class=\"wp-caption alignnone\"><a href=\"http:\/\/life-orchis.eu\/wp-content\/uploads\/2016\/10\/DJI_0709-e1476707650612.jpg\"><img loading=\"lazy\" decoding=\"async\" class=\"wp-image-616 size-large\" src=\"http:\/\/life-orchis.eu\/wp-content\/uploads\/2016\/10\/DJI_0709-1024x576.jpg\" alt=\"dji_0709\" width=\"640\" height=\"360\" \/><\/a><figcaption id=\"caption-attachment-616\" class=\"wp-caption-text\">Half-dry grassland on &#8216;D\u00e4iwelskopp&#8217;<\/figcaption><\/figure><\/p>","protected":false},"excerpt":{"rendered":"<\/p>\n<p>The region of the lower valley of the Sauer is composed by the hillsides of the Sauer valley and its secondary valleys. The geology shows primarily Triassic formations with Muschelkalk, but there are also Upper bunter sandstone and small-area Keuper marl. Between the different layer there are partly springs emerging.<\/p>\n<p>In the valley the land use is mainly\u00a0arable farming, whereas in the hills it&#8217;s mainly meadows and pasturages. Orchards, formerly numerous in the area, <a class=\"read-more\" href=\"https:\/\/life-orchis.lu\/en\/projektgebiete\/vallee-de-la-sure-inferieure\/\">\u25ba<\/a><\/p>\n","protected":false},"author":3,"featured_media":0,"parent":11,"menu_order":0,"comment_status":"closed","ping_status":"closed","template":"","meta":{"footnotes":""},"class_list":["post-476","page","type-page","status-publish","hentry"],"_links":{"self":[{"href":"https:\/\/life-orchis.lu\/en\/wp-json\/wp\/v2\/pages\/476","targetHints":{"allow":["GET"]}}],"collection":[{"href":"https:\/\/life-orchis.lu\/en\/wp-json\/wp\/v2\/pages"}],"about":[{"href":"https:\/\/life-orchis.lu\/en\/wp-json\/wp\/v2\/types\/page"}],"author":[{"embeddable":true,"href":"https:\/\/life-orchis.lu\/en\/wp-json\/wp\/v2\/users\/3"}],"replies":[{"embeddable":true,"href":"https:\/\/life-orchis.lu\/en\/wp-json\/wp\/v2\/comments?post=476"}],"version-history":[{"count":13,"href":"https:\/\/life-orchis.lu\/en\/wp-json\/wp\/v2\/pages\/476\/revisions"}],"predecessor-version":[{"id":649,"href":"https:\/\/life-orchis.lu\/en\/wp-json\/wp\/v2\/pages\/476\/revisions\/649"}],"up":[{"embeddable":true,"href":"https:\/\/life-orchis.lu\/en\/wp-json\/wp\/v2\/pages\/11"}],"wp:attachment":[{"href":"https:\/\/life-orchis.lu\/en\/wp-json\/wp\/v2\/media?parent=476"}],"curies":[{"name":"wp","href":"https:\/\/api.w.org\/{rel}","templated":true}]}}