{"id":11,"date":"2015-04-13T09:40:08","date_gmt":"2015-04-13T09:40:08","guid":{"rendered":"http:\/\/www.life-orchis.eu\/?page_id=11"},"modified":"2016-10-11T12:04:53","modified_gmt":"2016-10-11T12:04:53","slug":"projektgebiete","status":"publish","type":"page","link":"https:\/\/life-orchis.lu\/en\/projektgebiete\/","title":{"rendered":"Project areas"},"content":{"rendered":"<p><a href=\"http:\/\/ec.europa.eu\/environment\/life\/\" target=\"_blank\">LIFE<\/a> is an EU joint-funding mechanism which is used for work within the <a href=\"http:\/\/ec.europa.eu\/environment\/nature\/natura2000\/\" target=\"_blank\">Natura 2000 network<\/a> of protected areas. We therefore selected eight Natura 2000 areas in the east of Luxembourg which cover much of the remaining calcareous grassland and juniper formations in Luxembourg.<\/p>\n<p>Sites which fit this bill in Luxembourg are to be found in the south of the country, associated with the Jura chalks of the Minette, and in the middle and eastern Gutland, associated with Keuper and Muschelkalk formations. Most of the calcareous grasslands associated with the erstwhile opencast mining areas in the south of Luxembourg are already covered by work being done by the State Nature Administration and SICONA West. The LIFE ORCHIS project therefore focuses on the calcareous grasslands contained within Natura 2000 areas in the east of the country.<\/p>\n<h3>Natura 2000 areas affected by the project<\/h3>\n<p><a href=\"http:\/\/www.life-orchis.eu\/wp-content\/uploads\/2015\/05\/projektgebiete.jpg\"><img loading=\"lazy\" decoding=\"async\" class=\"aligncenter wp-image-205 size-large\" src=\"http:\/\/www.life-orchis.eu\/wp-content\/uploads\/2015\/05\/projektgebiete-1024x639.jpg\" alt=\"projektgebiete\" width=\"640\" height=\"399\" srcset=\"https:\/\/life-orchis.lu\/wp-content\/uploads\/2015\/05\/projektgebiete-1024x639.jpg 1024w, https:\/\/life-orchis.lu\/wp-content\/uploads\/2015\/05\/projektgebiete-300x187.jpg 300w, https:\/\/life-orchis.lu\/wp-content\/uploads\/2015\/05\/projektgebiete.jpg 2000w\" sizes=\"auto, (max-width: 640px) 100vw, 640px\" \/><\/a><\/p>\n<p><a href=\"http:\/\/life-orchis.eu\/projektgebiete\/vallee-de-lernz-noire-beaufort-berdorf\/\">Vall\u00e9e de l&#8217;Ernz noire \/ Beaufort \/ Berdorf<\/a><\/p>\n<p><a href=\"http:\/\/life-orchis.eu\/projektgebiete\/vallee-de-lernz-blanche\/\">Vall\u00e9e de l&#8217;Ernz blanche<\/a><\/p>\n<p><a href=\"http:\/\/life-orchis.eu\/projektgebiete\/bois-de-herborn-echternach-haard\/\">Bois de Herborn \/ Echternach &#8211; Haard<\/a><\/p>\n<p><a href=\"http:\/\/life-orchis.eu\/projektgebiete\/vallee-de-la-sure-inferieure\/\">Val\u00e9e de la S\u00fbre inf\u00e9rieure<\/a><\/p>\n<p><a href=\"http:\/\/life-orchis.eu\/projektgebiete\/pelouses-calcaires-de-la-region-de-junglinster\/\">Pelouses calcaires de la R\u00e9gion de Junglinster<\/a><\/p>\n<p><a href=\"http:\/\/life-orchis.eu\/projektgebiete\/vallee-de-la-syre-de-manternach-a-fielsmillen\/\">Vall\u00e9e de la Syre de Manternach \u00e0 Fielsmillen<\/a><\/p>\n<p><a href=\"http:\/\/life-orchis.eu\/projektgebiete\/machtum-pellembierg-froumbierg-greivenmaacherbierg\/\">Machtum &#8211; Pellembierg \/ Froumbierg \/ Greivenmaacherbierg<\/a><\/p>\n<p><a href=\"http:\/\/life-orchis.eu\/projektgebiete\/region-de-la-moselle-superieure\/\">R\u00e9gion de la Moselle sup\u00e9rieure<\/a><\/p>","protected":false},"excerpt":{"rendered":"<p><a href=\"http:\/\/ec.europa.eu\/environment\/life\/\" target=\"_blank\">LIFE<\/a> is an EU joint-funding mechanism which is used for work within the <a href=\"http:\/\/ec.europa.eu\/environment\/nature\/natura2000\/\" target=\"_blank\">Natura 2000 network<\/a> of protected areas. We therefore selected eight Natura 2000 areas in the east of Luxembourg which cover much of the remaining calcareous grassland and juniper formations in Luxembourg.<\/p>\n<p>Sites which fit this bill in Luxembourg are to be found in the south of the country, associated with the Jura chalks of the Minette, <a class=\"read-more\" href=\"https:\/\/life-orchis.lu\/en\/projektgebiete\/\">\u25ba<\/a><\/p>\n","protected":false},"author":1,"featured_media":0,"parent":0,"menu_order":5,"comment_status":"closed","ping_status":"open","template":"","meta":{"footnotes":""},"class_list":["post-11","page","type-page","status-publish","hentry"],"_links":{"self":[{"href":"https:\/\/life-orchis.lu\/en\/wp-json\/wp\/v2\/pages\/11","targetHints":{"allow":["GET"]}}],"collection":[{"href":"https:\/\/life-orchis.lu\/en\/wp-json\/wp\/v2\/pages"}],"about":[{"href":"https:\/\/life-orchis.lu\/en\/wp-json\/wp\/v2\/types\/page"}],"author":[{"embeddable":true,"href":"https:\/\/life-orchis.lu\/en\/wp-json\/wp\/v2\/users\/1"}],"replies":[{"embeddable":true,"href":"https:\/\/life-orchis.lu\/en\/wp-json\/wp\/v2\/comments?post=11"}],"version-history":[{"count":40,"href":"https:\/\/life-orchis.lu\/en\/wp-json\/wp\/v2\/pages\/11\/revisions"}],"predecessor-version":[{"id":608,"href":"https:\/\/life-orchis.lu\/en\/wp-json\/wp\/v2\/pages\/11\/revisions\/608"}],"wp:attachment":[{"href":"https:\/\/life-orchis.lu\/en\/wp-json\/wp\/v2\/media?parent=11"}],"curies":[{"name":"wp","href":"https:\/\/api.w.org\/{rel}","templated":true}]}}